{"id":148,"date":"2025-03-19T13:47:31","date_gmt":"2025-03-19T13:47:31","guid":{"rendered":"https:\/\/eurosalesman.se\/global-shop\/"},"modified":"2025-04-03T11:58:58","modified_gmt":"2025-04-03T11:58:58","slug":"global-shop","status":"publish","type":"page","link":"https:\/\/eurosalesman.se\/fr\/global-shop\/","title":{"rendered":"Boutique mondiale"},"content":{"rendered":"<div data-elementor-type=\"wp-page\" data-elementor-id=\"148\" class=\"elementor elementor-148\" data-elementor-post-type=\"page\">\n\t\t\t\t<div class=\"elementor-element elementor-element-621ed87a e-con-full e-flex e-con e-parent\" data-id=\"621ed87a\" data-element_type=\"container\" data-e-type=\"container\">\n\t\t\t\t<div class=\"elementor-element elementor-element-3c51b6ee elementor-widget elementor-widget-shortcode\" data-id=\"3c51b6ee\" data-element_type=\"widget\" data-e-type=\"widget\" data-widget_type=\"shortcode.default\">\n\t\t\t\t<div class=\"elementor-widget-container\">\n\t\t\t\t\t\t\t<div class=\"elementor-shortcode\"><style>.elementor-2419 .elementor-element.elementor-element-ba35f6d{--display:grid;--min-height:70vh;--e-con-grid-template-columns:1fr 2fr 1fr;--e-con-grid-template-rows:repeat(1, 1fr);--grid-auto-flow:row;}.elementor-2419 .elementor-element.elementor-element-c54bafb{--display:flex;}.elementor-2419 .elementor-element.elementor-element-c54bafb:not(.elementor-motion-effects-element-type-background), .elementor-2419 .elementor-element.elementor-element-c54bafb > .elementor-motion-effects-container > .elementor-motion-effects-layer{background-image:url(\"https:\/\/eurosalesman.se\/wp-content\/uploads\/shop-1.jpg\");}.elementor-2419 .elementor-element.elementor-element-96f99bd{--display:flex;--justify-content:center;--overlay-opacity:1;--padding-top:0rem;--padding-bottom:0rem;--padding-left:5rem;--padding-right:5rem;}.elementor-2419 .elementor-element.elementor-element-96f99bd::before, .elementor-2419 .elementor-element.elementor-element-96f99bd > .elementor-background-video-container::before, .elementor-2419 .elementor-element.elementor-element-96f99bd > .e-con-inner > .elementor-background-video-container::before, .elementor-2419 .elementor-element.elementor-element-96f99bd > .elementor-background-slideshow::before, .elementor-2419 .elementor-element.elementor-element-96f99bd > .e-con-inner > .elementor-background-slideshow::before, .elementor-2419 .elementor-element.elementor-element-96f99bd > .elementor-motion-effects-container > .elementor-motion-effects-layer::before{--background-overlay:'';background-color:transparent;background-image:linear-gradient(180deg, #FFFFFFBD 0%, #FFFFFF 100%);}.elementor-widget-heading .elementor-heading-title{font-family:var( --e-global-typography-primary-font-family ), Sans-serif;font-size:var( --e-global-typography-primary-font-size );font-weight:var( --e-global-typography-primary-font-weight );text-transform:var( --e-global-typography-primary-text-transform );font-style:var( --e-global-typography-primary-font-style );text-decoration:var( --e-global-typography-primary-text-decoration );line-height:var( --e-global-typography-primary-line-height );letter-spacing:var( --e-global-typography-primary-letter-spacing );word-spacing:var( --e-global-typography-primary-word-spacing );color:var( --e-global-color-primary );}.elementor-2419 .elementor-element.elementor-element-c88be53{text-align:center;}.elementor-widget-text-editor{font-family:var( --e-global-typography-text-font-family ), Sans-serif;font-size:var( --e-global-typography-text-font-size );font-weight:var( --e-global-typography-text-font-weight );text-transform:var( --e-global-typography-text-text-transform );font-style:var( --e-global-typography-text-font-style );text-decoration:var( --e-global-typography-text-text-decoration );line-height:var( --e-global-typography-text-line-height );letter-spacing:var( --e-global-typography-text-letter-spacing );word-spacing:var( --e-global-typography-text-word-spacing );color:var( --e-global-color-text );}.elementor-widget-text-editor.elementor-drop-cap-view-stacked .elementor-drop-cap{background-color:var( --e-global-color-primary );}.elementor-widget-text-editor.elementor-drop-cap-view-framed .elementor-drop-cap, .elementor-widget-text-editor.elementor-drop-cap-view-default .elementor-drop-cap{color:var( --e-global-color-primary );border-color:var( --e-global-color-primary );}.elementor-2419 .elementor-element.elementor-element-fd22934{text-align:center;font-family:var( --e-global-typography-8606eb9-font-family ), Sans-serif;font-size:var( --e-global-typography-8606eb9-font-size );font-weight:var( --e-global-typography-8606eb9-font-weight );text-transform:var( --e-global-typography-8606eb9-text-transform );font-style:var( --e-global-typography-8606eb9-font-style );text-decoration:var( --e-global-typography-8606eb9-text-decoration );line-height:var( --e-global-typography-8606eb9-line-height );letter-spacing:var( --e-global-typography-8606eb9-letter-spacing );word-spacing:var( --e-global-typography-8606eb9-word-spacing );}.elementor-2419 .elementor-element.elementor-element-fd22934 > .elementor-widget-container{margin:03rem 0rem 0rem 0rem;}.elementor-2419 .elementor-element.elementor-element-2a30a23{--display:flex;}.elementor-2419 .elementor-element.elementor-element-2a30a23:not(.elementor-motion-effects-element-type-background), .elementor-2419 .elementor-element.elementor-element-2a30a23 > .elementor-motion-effects-container > .elementor-motion-effects-layer{background-image:url(\"https:\/\/eurosalesman.se\/wp-content\/uploads\/shop-2.jpg\");}.elementor-2419 .elementor-element.elementor-element-ea6cc79{--display:flex;--padding-top:7rem;--padding-bottom:7rem;--padding-left:3rem;--padding-right:3rem;}@media(max-width:1024px){.elementor-2419 .elementor-element.elementor-element-ba35f6d{--grid-auto-flow:row;}.elementor-widget-heading .elementor-heading-title{font-size:var( --e-global-typography-primary-font-size );line-height:var( --e-global-typography-primary-line-height );letter-spacing:var( --e-global-typography-primary-letter-spacing );word-spacing:var( --e-global-typography-primary-word-spacing );}.elementor-widget-text-editor{font-size:var( --e-global-typography-text-font-size );line-height:var( --e-global-typography-text-line-height );letter-spacing:var( --e-global-typography-text-letter-spacing );word-spacing:var( --e-global-typography-text-word-spacing );}.elementor-2419 .elementor-element.elementor-element-fd22934{font-size:var( --e-global-typography-8606eb9-font-size );line-height:var( --e-global-typography-8606eb9-line-height );letter-spacing:var( --e-global-typography-8606eb9-letter-spacing );word-spacing:var( --e-global-typography-8606eb9-word-spacing );}}@media(max-width:767px){.elementor-2419 .elementor-element.elementor-element-ba35f6d{--e-con-grid-template-columns:1;--e-con-grid-template-rows:repeat(1, 1fr);--grid-auto-flow:row;}.elementor-widget-heading .elementor-heading-title{font-size:var( --e-global-typography-primary-font-size );line-height:var( --e-global-typography-primary-line-height );letter-spacing:var( --e-global-typography-primary-letter-spacing );word-spacing:var( --e-global-typography-primary-word-spacing );}.elementor-widget-text-editor{font-size:var( --e-global-typography-text-font-size );line-height:var( --e-global-typography-text-line-height );letter-spacing:var( --e-global-typography-text-letter-spacing );word-spacing:var( --e-global-typography-text-word-spacing );}.elementor-2419 .elementor-element.elementor-element-fd22934{font-size:var( --e-global-typography-8606eb9-font-size );line-height:var( --e-global-typography-8606eb9-line-height );letter-spacing:var( --e-global-typography-8606eb9-letter-spacing );word-spacing:var( --e-global-typography-8606eb9-word-spacing );}}<\/style>\t\t<div data-elementor-type=\"section\" data-elementor-id=\"2419\" class=\"elementor elementor-2419\" data-elementor-post-type=\"elementor_library\">\n\t\t\t<div class=\"elementor-element elementor-element-ba35f6d e-grid e-con-full e-con e-parent\" data-id=\"ba35f6d\" data-element_type=\"container\" data-e-type=\"container\">\n\t\t<div class=\"elementor-element elementor-element-c54bafb e-con-full e-flex e-con e-child\" data-id=\"c54bafb\" data-element_type=\"container\" data-e-type=\"container\" data-settings=\"{&quot;background_background&quot;:&quot;classic&quot;}\">\n\t\t\t\t<\/div>\n\t\t<div class=\"elementor-element elementor-element-96f99bd e-con-full e-flex e-con e-child\" data-id=\"96f99bd\" data-element_type=\"container\" data-e-type=\"container\" data-settings=\"{&quot;background_background&quot;:&quot;classic&quot;}\">\n\t\t\t\t<div class=\"elementor-element elementor-element-c88be53 elementor-widget elementor-widget-heading\" data-id=\"c88be53\" data-element_type=\"widget\" data-e-type=\"widget\" data-widget_type=\"heading.default\">\n\t\t\t\t<div class=\"elementor-widget-container\">\n\t\t\t\t\t<h1 class=\"elementor-heading-title elementor-size-default\">Bienvenue dans la boutique Eurosalesman\u00ae Global Shop<\/h1>\t\t\t\t<\/div>\n\t\t\t\t<\/div>\n\t\t\t\t<div class=\"elementor-element elementor-element-fd22934 elementor-widget elementor-widget-text-editor\" data-id=\"fd22934\" data-element_type=\"widget\" data-e-type=\"widget\" data-widget_type=\"text-editor.default\">\n\t\t\t\t<div class=\"elementor-widget-container\">\n\t\t\t\t\t\t\t\t\t<p class=\"\" data-start=\"247\" data-end=\"584\"><strong>Quand les outils de croissance rencontrent les march\u00e9s locaux - \u00e0 l'\u00e9chelle mondiale<\/strong><\/p><p class=\"\" data-start=\"247\" data-end=\"584\">Le <strong data-start=\"251\" data-end=\"281\">Boutique partenaire Eurosalesman<\/strong> est votre porte d'entr\u00e9e pour <strong data-start=\"301\" data-end=\"342\">des services et des outils soigneusement s\u00e9lectionn\u00e9s<\/strong> con\u00e7u pour acc\u00e9l\u00e9rer la croissance de votre entreprise en <strong data-start=\"390\" data-end=\"427\">les march\u00e9s les plus pr\u00e9cieux du monde<\/strong>. Chaque partenaire est choisi pour s'aligner sur notre mission...<strong data-start=\"479\" data-end=\"581\">en vous donnant acc\u00e8s \u00e0 des solutions performantes au niveau local, quel que soit l'endroit o\u00f9 vous op\u00e9rez \u00e0 l'\u00e9chelle mondiale<\/strong>.<\/p>\t\t\t\t\t\t\t\t<\/div>\n\t\t\t\t<\/div>\n\t\t\t\t<\/div>\n\t\t<div class=\"elementor-element elementor-element-2a30a23 e-con-full e-flex e-con e-child\" data-id=\"2a30a23\" data-element_type=\"container\" data-e-type=\"container\" data-settings=\"{&quot;background_background&quot;:&quot;classic&quot;}\">\n\t\t\t\t<\/div>\n\t\t\t\t<\/div>\n\t\t<div class=\"elementor-element elementor-element-ea6cc79 e-con-full e-flex e-con e-parent\" data-id=\"ea6cc79\" data-element_type=\"container\" data-e-type=\"container\">\n\t\t\t\t<div class=\"elementor-element elementor-element-bb9aff8 elementor-widget elementor-widget-shortcode\" data-id=\"bb9aff8\" data-element_type=\"widget\" data-e-type=\"widget\" data-widget_type=\"shortcode.default\">\n\t\t\t\t<div class=\"elementor-widget-container\">\n\t\t\t\t\t\t\t<div class=\"elementor-shortcode\"><div class=\"myplugin-site-posts\"><div class=\"site-post\"><div class=\"site-post-image\" style=\"background-image: url(https:\/\/eurosalesman.com\/wp-content\/uploads\/blogify.jpg);\"><\/div><div class=\"site-post-content\"><h3><a href=\"https:\/\/eurosalesman.com\/fr\/blogify-ai\/\" target=\"_blank\">Blogify AI<\/a><\/h3><p>Blogify.ai - Cr\u00e9er du contenu \u00e0 fort impact \u00e0 la vitesse de l'entreprise Dans le paysage num\u00e9rique d'aujourd'hui, le contenu est la monnaie - et Blogify.ai est votre...<\/p><a href=\"https:\/\/eurosalesman.com\/fr\/blogify-ai\/\" class=\"read-more\" target=\"_blank\">Lire la suite<\/a><\/div><\/div><\/div>\n<\/div>\n\t\t\t\t\t\t<\/div>\n\t\t\t\t<\/div>\n\t\t\t\t<\/div>\n\t\t\t\t<\/div>\n\t\t<\/div>\n\t\t\t\t\t\t<\/div>\n\t\t\t\t<\/div>\n\t\t\t\t<\/div>\n\t\t\t\t<\/div>","protected":false},"excerpt":{"rendered":"","protected":false},"author":3,"featured_media":0,"parent":0,"menu_order":0,"comment_status":"closed","ping_status":"closed","template":"","meta":{"footnotes":""},"class_list":["post-148","page","type-page","status-publish","hentry"],"_links":{"self":[{"href":"https:\/\/eurosalesman.se\/fr\/wp-json\/wp\/v2\/pages\/148","targetHints":{"allow":["GET"]}}],"collection":[{"href":"https:\/\/eurosalesman.se\/fr\/wp-json\/wp\/v2\/pages"}],"about":[{"href":"https:\/\/eurosalesman.se\/fr\/wp-json\/wp\/v2\/types\/page"}],"author":[{"embeddable":true,"href":"https:\/\/eurosalesman.se\/fr\/wp-json\/wp\/v2\/users\/3"}],"replies":[{"embeddable":true,"href":"https:\/\/eurosalesman.se\/fr\/wp-json\/wp\/v2\/comments?post=148"}],"version-history":[{"count":3,"href":"https:\/\/eurosalesman.se\/fr\/wp-json\/wp\/v2\/pages\/148\/revisions"}],"predecessor-version":[{"id":152,"href":"https:\/\/eurosalesman.se\/fr\/wp-json\/wp\/v2\/pages\/148\/revisions\/152"}],"wp:attachment":[{"href":"https:\/\/eurosalesman.se\/fr\/wp-json\/wp\/v2\/media?parent=148"}],"curies":[{"name":"wp","href":"https:\/\/api.w.org\/{rel}","templated":true}]}}